{"id":283,"date":"2025-11-16T21:39:36","date_gmt":"2025-11-16T20:39:36","guid":{"rendered":"https:\/\/nohappyforever.com\/?page_id=283"},"modified":"2026-02-25T01:40:37","modified_gmt":"2026-02-25T00:40:37","slug":"quien-somos","status":"publish","type":"page","link":"https:\/\/nohappyforever.com\/es_es\/quien-somos\/","title":{"rendered":"\u00bfQui\u00e9n somos?"},"content":{"rendered":"<h2 class=\"wp-block-heading\">NoHappyForever<\/h2>\n\n\n\n<p>Somos una marca de ropa y accesorios nacida de la necesidad de expresar lo que muchas veces no se dice. Creemos que la moda puede ir m\u00e1s all\u00e1 de lo superficial y convertirse en un lenguaje capaz de transmitir emociones, pensamientos y sentimientos profundos.<\/p>\n\n\n\n<p>Cada una de nuestras prendas est\u00e1 dise\u00f1ada para conectar con la parte m\u00e1s \u00edntima de las personas. No creamos \u00fanicamente ropa: creamos piezas que acompa\u00f1an estados de \u00e1nimo, recuerdos y experiencias. Por eso, quienes visten nuestros productos no solo los usan, se reconocen en ellos. Porque cuando una prenda logra reflejar lo que llevas dentro, deja de ser un objeto para convertirse en una extensi\u00f3n de ti mismo.<\/p>\n\n\n\n<p>Entendemos la est\u00e9tica como una herramienta esencial para comunicar emoci\u00f3n. Cuidamos cada detalle, cada forma y cada acabado, buscando un equilibrio entre sensibilidad, identidad y dise\u00f1o. Nuestra intenci\u00f3n es ofrecer prendas que tengan significado, sin renunciar nunca a la calidad visual y al car\u00e1cter propio de cada colecci\u00f3n.<\/p>\n\n\n\n<p>Dise\u00f1amos para quienes sienten intensamente, para quienes encuentran en la ropa una manera de expresarse y para quienes entienden que vestirse tambi\u00e9n es una forma de contar qui\u00e9nes son.<\/p>\n\n\n\n<h2 class=\"wp-block-heading\">Equipo de NoHappyForever<\/h2>\n\n\n\n<p>Desde el equipo de NoHappyForever, estamos encantados de tenerte aqu\u00ed con nosotros, y esperamos que todo lo que encuentres aqu\u00ed sea de tu agrado.<\/p>\n\n\n\n<p>Para nosotros, tu satisfacci\u00f3n es lo primero, no solo como cliente de un producto que podamos ofrecerte, sino como un miembro m\u00e1s de esta familia, sin ustedes esto no ser\u00eda m\u00e1s que una idea, y queremos agradec\u00e9rtelo y responder a esa confianza como es debido.<\/p>\n\n\n\n<p>Ante cualquier duda o problema que puedas encontrar, no dudes en ponerte en contacto con nosotros, estaremos encantados de ayudarte a resolver cualquier tipo de duda o inconveniente con la que puedas encontrarte, tratamos de ayudarle en todo lo que est\u00e9 en nuestras manos, siempre ofreciendo la mayor calidad, es por eso que le rogamos que tengas paciencia, y si contacta con nuestro equipo de soporte (help@nohappyforever.com) tenga en cuenta que su respuesta puede demorar entre 24 y 48 horas.<\/p>","protected":false},"excerpt":{"rendered":"<p>NoHappyForever Somos una marca de ropa y accesorios nacida de la necesidad de expresar lo que muchas veces no se dice. Creemos que la moda puede ir m\u00e1s all\u00e1 de lo superficial y convertirse en un lenguaje capaz de transmitir emociones, pensamientos y sentimientos profundos. Cada una de nuestras prendas est\u00e1 dise\u00f1ada para conectar con&#8230;<\/p>","protected":false},"author":2,"featured_media":0,"parent":0,"menu_order":0,"comment_status":"closed","ping_status":"closed","template":"","meta":{"_kad_post_transparent":"","_kad_post_title":"","_kad_post_layout":"","_kad_post_sidebar_id":"","_kad_post_content_style":"","_kad_post_vertical_padding":"","_kad_post_feature":"","_kad_post_feature_position":"","_kad_post_header":false,"_kad_post_footer":false,"_kad_post_classname":"","footnotes":""},"class_list":["post-283","page","type-page","status-publish","hentry"],"_links":{"self":[{"href":"https:\/\/nohappyforever.com\/es_es\/wp-json\/wp\/v2\/pages\/283","targetHints":{"allow":["GET"]}}],"collection":[{"href":"https:\/\/nohappyforever.com\/es_es\/wp-json\/wp\/v2\/pages"}],"about":[{"href":"https:\/\/nohappyforever.com\/es_es\/wp-json\/wp\/v2\/types\/page"}],"author":[{"embeddable":true,"href":"https:\/\/nohappyforever.com\/es_es\/wp-json\/wp\/v2\/users\/2"}],"replies":[{"embeddable":true,"href":"https:\/\/nohappyforever.com\/es_es\/wp-json\/wp\/v2\/comments?post=283"}],"version-history":[{"count":11,"href":"https:\/\/nohappyforever.com\/es_es\/wp-json\/wp\/v2\/pages\/283\/revisions"}],"predecessor-version":[{"id":447,"href":"https:\/\/nohappyforever.com\/es_es\/wp-json\/wp\/v2\/pages\/283\/revisions\/447"}],"wp:attachment":[{"href":"https:\/\/nohappyforever.com\/es_es\/wp-json\/wp\/v2\/media?parent=283"}],"curies":[{"name":"wp","href":"https:\/\/api.w.org\/{rel}","templated":true}]}}