{"id":293,"date":"2025-11-16T23:37:09","date_gmt":"2025-11-16T22:37:09","guid":{"rendered":"https:\/\/nohappyforever.com\/?page_id=293"},"modified":"2025-11-21T08:34:22","modified_gmt":"2025-11-21T07:34:22","slug":"aviso-legal","status":"publish","type":"page","link":"https:\/\/nohappyforever.com\/es_es\/aviso-legal\/","title":{"rendered":"Aviso Legal"},"content":{"rendered":"<p>NoHappyForever\u00ae es una marca registrada.<\/p>\n\n\n\n<p>NoHappyForever declara la reserva del derecho de uso exclusivo del nombre de la marca comercial, as\u00ed como todo el contenido creado, publicado y presentado por la misma, en esta p\u00e1gina web y redes sociales de car\u00e1cter oficial.<\/p>\n\n\n\n<p>Queda expresamente prohibida cualquier forma de reproducci\u00f3n, distribuci\u00f3n, o transformaci\u00f3n, total o parcial, de NoHappyForever y cualquiera de sus productos y sus respectivos dise\u00f1os, sin la expresa autorizaci\u00f3n por escrito de su titular.<\/p>\n\n\n\n<p>En particular, y a los efectos previstos en la legislaci\u00f3n sobre propiedad intelectual, se proh\u00edbe la realizaci\u00f3n de res\u00famenes de prensa o la utilizaci\u00f3n de fragmentos de esta obra para cualquier prop\u00f3sito de lucro o comercial, salvo que se cuente con el permiso espec\u00edfico del titular.<\/p>","protected":false},"excerpt":{"rendered":"<p>NoHappyForever\u00ae es una marca registrada. NoHappyForever declara la reserva del derecho de uso exclusivo del nombre de la marca comercial, as\u00ed como todo el contenido creado, publicado y presentado por la misma, en esta p\u00e1gina web y redes sociales de car\u00e1cter oficial. Queda expresamente prohibida cualquier forma de reproducci\u00f3n, distribuci\u00f3n, o transformaci\u00f3n, total o parcial,&#8230;<\/p>","protected":false},"author":2,"featured_media":0,"parent":0,"menu_order":0,"comment_status":"closed","ping_status":"closed","template":"","meta":{"_kad_post_transparent":"","_kad_post_title":"","_kad_post_layout":"","_kad_post_sidebar_id":"","_kad_post_content_style":"","_kad_post_vertical_padding":"","_kad_post_feature":"","_kad_post_feature_position":"","_kad_post_header":false,"_kad_post_footer":false,"_kad_post_classname":"","footnotes":""},"class_list":["post-293","page","type-page","status-publish","hentry"],"_links":{"self":[{"href":"https:\/\/nohappyforever.com\/es_es\/wp-json\/wp\/v2\/pages\/293","targetHints":{"allow":["GET"]}}],"collection":[{"href":"https:\/\/nohappyforever.com\/es_es\/wp-json\/wp\/v2\/pages"}],"about":[{"href":"https:\/\/nohappyforever.com\/es_es\/wp-json\/wp\/v2\/types\/page"}],"author":[{"embeddable":true,"href":"https:\/\/nohappyforever.com\/es_es\/wp-json\/wp\/v2\/users\/2"}],"replies":[{"embeddable":true,"href":"https:\/\/nohappyforever.com\/es_es\/wp-json\/wp\/v2\/comments?post=293"}],"version-history":[{"count":3,"href":"https:\/\/nohappyforever.com\/es_es\/wp-json\/wp\/v2\/pages\/293\/revisions"}],"predecessor-version":[{"id":363,"href":"https:\/\/nohappyforever.com\/es_es\/wp-json\/wp\/v2\/pages\/293\/revisions\/363"}],"wp:attachment":[{"href":"https:\/\/nohappyforever.com\/es_es\/wp-json\/wp\/v2\/media?parent=293"}],"curies":[{"name":"wp","href":"https:\/\/api.w.org\/{rel}","templated":true}]}}